{"id":279,"date":"2025-08-20T18:16:23","date_gmt":"2025-08-20T16:16:23","guid":{"rendered":"https:\/\/madeleine-haller.de\/?page_id=279"},"modified":"2025-10-01T08:59:35","modified_gmt":"2025-10-01T06:59:35","slug":"kontakt","status":"publish","type":"page","link":"https:\/\/madeleine-haller.de\/en\/kontakt\/","title":{"rendered":"Contact"},"content":{"rendered":"\t\t<div data-elementor-type=\"wp-page\" data-elementor-id=\"279\" class=\"elementor elementor-279\" data-elementor-post-type=\"page\">\n\t\t\t\t<div class=\"elementor-element elementor-element-5274c6d e-flex e-con-boxed e-con e-parent\" data-id=\"5274c6d\" data-element_type=\"container\" data-e-type=\"container\" data-settings=\"{&quot;background_background&quot;:&quot;classic&quot;,&quot;shape_divider_top&quot;:&quot;mountains&quot;,&quot;shape_divider_bottom&quot;:&quot;mountains&quot;}\">\n\t\t\t\t\t<div class=\"e-con-inner\">\n\t\t\t\t<div class=\"elementor-shape elementor-shape-top\" aria-hidden=\"true\" data-negative=\"false\">\n\t\t\t<svg xmlns=\"http:\/\/www.w3.org\/2000\/svg\" viewBox=\"0 0 1000 100\" preserveAspectRatio=\"none\">\n\t<path class=\"elementor-shape-fill\" opacity=\"0.33\" d=\"M473,67.3c-203.9,88.3-263.1-34-320.3,0C66,119.1,0,59.7,0,59.7V0h1000v59.7 c0,0-62.1,26.1-94.9,29.3c-32.8,3.3-62.8-12.3-75.8-22.1C806,49.6,745.3,8.7,694.9,4.7S492.4,59,473,67.3z\"\/>\n\t<path class=\"elementor-shape-fill\" opacity=\"0.66\" d=\"M734,67.3c-45.5,0-77.2-23.2-129.1-39.1c-28.6-8.7-150.3-10.1-254,39.1 s-91.7-34.4-149.2,0C115.7,118.3,0,39.8,0,39.8V0h1000v36.5c0,0-28.2-18.5-92.1-18.5C810.2,18.1,775.7,67.3,734,67.3z\"\/>\n\t<path class=\"elementor-shape-fill\" d=\"M766.1,28.9c-200-57.5-266,65.5-395.1,19.5C242,1.8,242,5.4,184.8,20.6C128,35.8,132.3,44.9,89.9,52.5C28.6,63.7,0,0,0,0 h1000c0,0-9.9,40.9-83.6,48.1S829.6,47,766.1,28.9z\"\/>\n<\/svg>\t\t<\/div>\n\t\t\t\t<div class=\"elementor-shape elementor-shape-bottom\" aria-hidden=\"true\" data-negative=\"false\">\n\t\t\t<svg xmlns=\"http:\/\/www.w3.org\/2000\/svg\" viewBox=\"0 0 1000 100\" preserveAspectRatio=\"none\">\n\t<path class=\"elementor-shape-fill\" opacity=\"0.33\" d=\"M473,67.3c-203.9,88.3-263.1-34-320.3,0C66,119.1,0,59.7,0,59.7V0h1000v59.7 c0,0-62.1,26.1-94.9,29.3c-32.8,3.3-62.8-12.3-75.8-22.1C806,49.6,745.3,8.7,694.9,4.7S492.4,59,473,67.3z\"\/>\n\t<path class=\"elementor-shape-fill\" opacity=\"0.66\" d=\"M734,67.3c-45.5,0-77.2-23.2-129.1-39.1c-28.6-8.7-150.3-10.1-254,39.1 s-91.7-34.4-149.2,0C115.7,118.3,0,39.8,0,39.8V0h1000v36.5c0,0-28.2-18.5-92.1-18.5C810.2,18.1,775.7,67.3,734,67.3z\"\/>\n\t<path class=\"elementor-shape-fill\" d=\"M766.1,28.9c-200-57.5-266,65.5-395.1,19.5C242,1.8,242,5.4,184.8,20.6C128,35.8,132.3,44.9,89.9,52.5C28.6,63.7,0,0,0,0 h1000c0,0-9.9,40.9-83.6,48.1S829.6,47,766.1,28.9z\"\/>\n<\/svg>\t\t<\/div>\n\t\t<div class=\"elementor-element elementor-element-9e30b78 e-con-full e-flex e-con e-child\" data-id=\"9e30b78\" data-element_type=\"container\" data-e-type=\"container\">\n\t\t<div class=\"elementor-element elementor-element-3cfc185 e-con-full e-flex e-con e-child\" data-id=\"3cfc185\" data-element_type=\"container\" data-e-type=\"container\">\n\t\t\t\t<div class=\"elementor-element elementor-element-9799d13 elementor-widget-mobile__width-initial elementor-widget elementor-widget-image\" data-id=\"9799d13\" data-element_type=\"widget\" data-e-type=\"widget\" data-widget_type=\"image.default\">\n\t\t\t\t<div class=\"elementor-widget-container\">\n\t\t\t\t\t\t\t\t\t\t\t\t\t\t\t<img decoding=\"async\" width=\"171\" height=\"100\" src=\"https:\/\/madeleine-haller.de\/wp-content\/uploads\/2025\/08\/wolke.png\" class=\"attachment-large size-large wp-image-57\" alt=\"Schlafberaterin - Logo transparent\" \/>\t\t\t\t\t\t\t\t\t\t\t\t\t\t\t<\/div>\n\t\t\t\t<\/div>\n\t\t\t\t<div class=\"elementor-element elementor-element-69cdb18 elementor-widget-mobile__width-initial elementor-widget__width-initial elementor-widget elementor-widget-heading\" data-id=\"69cdb18\" data-element_type=\"widget\" data-e-type=\"widget\" data-widget_type=\"heading.default\">\n\t\t\t\t<div class=\"elementor-widget-container\">\n\t\t\t\t\t<h1 class=\"elementor-heading-title elementor-size-default\">So kannst du<br>\nmich erreichen<\/h1>\t\t\t\t<\/div>\n\t\t\t\t<\/div>\n\t\t\t\t<\/div>\n\t\t\t\t<\/div>\n\t\t\t\t\t<\/div>\n\t\t\t\t<\/div>\n\t\t<div class=\"elementor-element elementor-element-8b9cd2f e-flex e-con-boxed e-con e-parent\" data-id=\"8b9cd2f\" data-element_type=\"container\" data-e-type=\"container\" data-settings=\"{&quot;shape_divider_bottom&quot;:&quot;mountains&quot;}\">\n\t\t\t\t\t<div class=\"e-con-inner\">\n\t\t\t\t<div class=\"elementor-shape elementor-shape-bottom\" aria-hidden=\"true\" data-negative=\"false\">\n\t\t\t<svg xmlns=\"http:\/\/www.w3.org\/2000\/svg\" viewBox=\"0 0 1000 100\" preserveAspectRatio=\"none\">\n\t<path class=\"elementor-shape-fill\" opacity=\"0.33\" d=\"M473,67.3c-203.9,88.3-263.1-34-320.3,0C66,119.1,0,59.7,0,59.7V0h1000v59.7 c0,0-62.1,26.1-94.9,29.3c-32.8,3.3-62.8-12.3-75.8-22.1C806,49.6,745.3,8.7,694.9,4.7S492.4,59,473,67.3z\"\/>\n\t<path class=\"elementor-shape-fill\" opacity=\"0.66\" d=\"M734,67.3c-45.5,0-77.2-23.2-129.1-39.1c-28.6-8.7-150.3-10.1-254,39.1 s-91.7-34.4-149.2,0C115.7,118.3,0,39.8,0,39.8V0h1000v36.5c0,0-28.2-18.5-92.1-18.5C810.2,18.1,775.7,67.3,734,67.3z\"\/>\n\t<path class=\"elementor-shape-fill\" d=\"M766.1,28.9c-200-57.5-266,65.5-395.1,19.5C242,1.8,242,5.4,184.8,20.6C128,35.8,132.3,44.9,89.9,52.5C28.6,63.7,0,0,0,0 h1000c0,0-9.9,40.9-83.6,48.1S829.6,47,766.1,28.9z\"\/>\n<\/svg>\t\t<\/div>\n\t\t\t\t<div class=\"elementor-element elementor-element-ab2683a elementor-invisible elementor-widget elementor-widget-heading\" data-id=\"ab2683a\" data-element_type=\"widget\" data-e-type=\"widget\" data-settings=\"{&quot;_animation&quot;:&quot;fadeIn&quot;}\" data-widget_type=\"heading.default\">\n\t\t\t\t<div class=\"elementor-widget-container\">\n\t\t\t\t\t<h2 class=\"elementor-heading-title elementor-size-default\">Du bist ersch\u00f6pft,\n\u00fcberfordert oder hilflos?<\/h2>\t\t\t\t<\/div>\n\t\t\t\t<\/div>\n\t\t\t\t<div class=\"elementor-element elementor-element-35085a2 elementor-widget elementor-widget-text-editor\" data-id=\"35085a2\" data-element_type=\"widget\" data-e-type=\"widget\" data-widget_type=\"text-editor.default\">\n\t\t\t\t<div class=\"elementor-widget-container\">\n\t\t\t\t\t\t\t\t\t<p>Keine Sorge, du bist nicht allein. Wenn du jemanden zum Zuh\u00f6ren brauchst, deine Fragen loswerden oder einfach einen klaren Rat m\u00f6chtest, melde dich gerne bei mir. <br \/>Ich bin f\u00fcr dich da.<\/p><p>Nutze einfach das folgende Formular, um mir eine Nachricht zu schicken. <br \/>Ich melde mich so schnell wie m\u00f6glich zur\u00fcck.<\/p>\t\t\t\t\t\t\t\t<\/div>\n\t\t\t\t<\/div>\n\t\t\t\t\t<\/div>\n\t\t\t\t<\/div>\n\t\t<div class=\"elementor-element elementor-element-24ee5f9 e-flex e-con-boxed e-con e-parent\" data-id=\"24ee5f9\" data-element_type=\"container\" data-e-type=\"container\" data-settings=\"{&quot;background_background&quot;:&quot;classic&quot;}\">\n\t\t\t\t\t<div class=\"e-con-inner\">\n\t\t\t\t<div class=\"elementor-element elementor-element-539b7b27 elementor-widget__width-inherit elementor-button-align-stretch elementor-widget elementor-widget-form\" data-id=\"539b7b27\" data-element_type=\"widget\" data-e-type=\"widget\" data-settings=\"{&quot;step_next_label&quot;:&quot;N\\u00e4chster&quot;,&quot;step_previous_label&quot;:&quot;Voriger&quot;,&quot;button_width&quot;:&quot;100&quot;,&quot;step_type&quot;:&quot;number_text&quot;,&quot;step_icon_shape&quot;:&quot;circle&quot;}\" data-widget_type=\"form.default\">\n\t\t\t\t<div class=\"elementor-widget-container\">\n\t\t\t\t\t\t\t<form class=\"elementor-form\" method=\"post\" id=\"Kontaktformular\" name=\"Neues Formular\" aria-label=\"Neues Formular\">\n\t\t\t<input type=\"hidden\" name=\"post_id\" value=\"279\"\/>\n\t\t\t<input type=\"hidden\" name=\"form_id\" value=\"539b7b27\"\/>\n\t\t\t<input type=\"hidden\" name=\"referer_title\" value=\"Elternberatung f\u00fcr frische Eltern - Schlafberatung, Schlaftraining\" \/>\n\n\t\t\t\t\t\t\t<input type=\"hidden\" name=\"queried_id\" value=\"279\"\/>\n\t\t\t\n\t\t\t<div class=\"elementor-form-fields-wrapper elementor-labels-above\">\n\t\t\t\t\t\t\t\t<div class=\"elementor-field-type-text elementor-field-group elementor-column elementor-field-group-name elementor-col-50 elementor-md-50 elementor-field-required\">\n\t\t\t\t\t\t\t\t\t\t\t\t\t<input size=\"1\" type=\"text\" name=\"form_fields[name]\" id=\"form-field-name\" class=\"elementor-field elementor-size-lg  elementor-field-textual\" placeholder=\"Dein Name\" required=\"required\">\n\t\t\t\t\t\t\t\t\t\t\t<\/div>\n\t\t\t\t\t\t\t\t<div class=\"elementor-field-type-email elementor-field-group elementor-column elementor-field-group-email elementor-col-50 elementor-field-required\">\n\t\t\t\t\t\t\t\t\t\t\t\t\t<input size=\"1\" type=\"email\" name=\"form_fields[email]\" id=\"form-field-email\" class=\"elementor-field elementor-size-lg  elementor-field-textual\" placeholder=\"Deine E-Mail Adresse\" required=\"required\">\n\t\t\t\t\t\t\t\t\t\t\t<\/div>\n\t\t\t\t\t\t\t\t<div class=\"elementor-field-type-textarea elementor-field-group elementor-column elementor-field-group-nachricht elementor-col-100\">\n\t\t\t\t\t<textarea class=\"elementor-field-textual elementor-field  elementor-size-lg\" name=\"form_fields[nachricht]\" id=\"form-field-nachricht\" rows=\"4\" placeholder=\"Deine Nachricht\"><\/textarea>\t\t\t\t<\/div>\n\t\t\t\t\t\t\t\t<div class=\"elementor-field-type-acceptance elementor-field-group elementor-column elementor-field-group-dsgvo elementor-col-100 elementor-field-required\">\n\t\t\t\t\t\t\t<div class=\"elementor-field-subgroup\">\n\t\t\t<span class=\"elementor-field-option\">\n\t\t\t\t<input type=\"checkbox\" name=\"form_fields[dsgvo]\" id=\"form-field-dsgvo\" class=\"elementor-field elementor-size-lg  elementor-acceptance-field\" required=\"required\">\n\t\t\t\t<label for=\"form-field-dsgvo\">Ich habe die Datenschutzerkl\u00e4rung zur Kenntnis genommen.<\/label>\t\t\t<\/span>\n\t\t<\/div>\n\t\t\t\t\t\t<\/div>\n\t\t\t\t\t\t\t\t<div class=\"elementor-field-type-text\">\n\t\t\t\t\t<input size=\"1\" type=\"text\" name=\"form_fields[field_f9f14f1]\" id=\"form-field-field_f9f14f1\" class=\"elementor-field elementor-size-lg \" style=\"display:none !important;\">\t\t\t\t<\/div>\n\t\t\t\t\t\t\t\t<div class=\"elementor-field-group elementor-column elementor-field-type-submit elementor-col-100 e-form__buttons\">\n\t\t\t\t\t<button class=\"elementor-button elementor-size-sm\" type=\"submit\">\n\t\t\t\t\t\t<span class=\"elementor-button-content-wrapper\">\n\t\t\t\t\t\t\t\t\t\t\t\t\t\t\t\t\t\t\t\t\t\t<span class=\"elementor-button-text\">JETZT ANFRAGEN<\/span>\n\t\t\t\t\t\t\t\t\t\t\t\t\t<\/span>\n\t\t\t\t\t<\/button>\n\t\t\t\t<\/div>\n\t\t\t<\/div>\n\t\t<\/form>\n\t\t\t\t\t\t<\/div>\n\t\t\t\t<\/div>\n\t\t\t\t<div class=\"elementor-element elementor-element-7c6be0a elementor-invisible elementor-widget elementor-widget-heading\" data-id=\"7c6be0a\" data-element_type=\"widget\" data-e-type=\"widget\" data-settings=\"{&quot;_animation&quot;:&quot;fadeIn&quot;}\" data-widget_type=\"heading.default\">\n\t\t\t\t<div class=\"elementor-widget-container\">\n\t\t\t\t\t<h2 class=\"elementor-heading-title elementor-size-default\">Ihr mu\u0308sst das nicht allein durchstehen.<\/h2>\t\t\t\t<\/div>\n\t\t\t\t<\/div>\n\t\t\t\t<div class=\"elementor-element elementor-element-adbc536 elementor-widget__width-initial elementor-widget elementor-widget-text-editor\" data-id=\"adbc536\" data-element_type=\"widget\" data-e-type=\"widget\" data-widget_type=\"text-editor.default\">\n\t\t\t\t<div class=\"elementor-widget-container\">\n\t\t\t\t\t\t\t\t\tVertraulichkeit ist mir sehr wichtig. Deine Angaben werden ausschlie\u00dflich zur Bearbeitung deiner Anfrage genutzt und nicht an Dritte weitergegeben.\t\t\t\t\t\t\t\t<\/div>\n\t\t\t\t<\/div>\n\t\t\t\t<div class=\"elementor-element elementor-element-05b06d0 elementor-widget elementor-widget-heading\" data-id=\"05b06d0\" data-element_type=\"widget\" data-e-type=\"widget\" data-widget_type=\"heading.default\">\n\t\t\t\t<div class=\"elementor-widget-container\">\n\t\t\t\t\t<h2 class=\"elementor-heading-title elementor-size-default\">Nat\u00fcrlich kannst du mich auch per E-Mail oder telefonisch erreichen:<\/h2>\t\t\t\t<\/div>\n\t\t\t\t<\/div>\n\t\t\t\t<div class=\"elementor-element elementor-element-e207b99 elementor-widget__width-initial elementor-widget elementor-widget-text-editor\" data-id=\"e207b99\" data-element_type=\"widget\" data-e-type=\"widget\" data-widget_type=\"text-editor.default\">\n\t\t\t\t<div class=\"elementor-widget-container\">\n\t\t\t\t\t\t\t\t\t<p>E-Mail: <a href=\"mailto:kontakt@madeleine-haller.de\">kontakt@madeleine-haller.de<\/a><br \/>Telefon: <a href=\"tel: +491622761983\">0162.2761983<\/a><\/p><p>Ich freue mich darauf, von dir zu h\u00f6ren!<br \/>Deine Madeleine Haller<\/p>\t\t\t\t\t\t\t\t<\/div>\n\t\t\t\t<\/div>\n\t\t\t\t\t<\/div>\n\t\t\t\t<\/div>\n\t\t\t\t<\/div>\n\t\t","protected":false},"excerpt":{"rendered":"<p>So kannst du mich erreichen Du bist ersch\u00f6pft, \u00fcberfordert oder hilflos? Keine Sorge, du bist nicht allein. Wenn du jemanden zum Zuh\u00f6ren brauchst, deine Fragen loswerden oder einfach einen klaren Rat m\u00f6chtest, melde dich gerne bei mir. Ich bin f\u00fcr dich da. Nutze einfach das folgende Formular, um mir eine Nachricht zu schicken. Ich melde [&hellip;]<\/p>\n","protected":false},"author":1,"featured_media":0,"parent":0,"menu_order":0,"comment_status":"closed","ping_status":"closed","template":"elementor_header_footer","meta":{"footnotes":""},"class_list":["post-279","page","type-page","status-publish","hentry"],"yoast_head":"<!-- This site is optimized with the Yoast SEO plugin v27.3 - https:\/\/yoast.com\/product\/yoast-seo-wordpress\/ -->\n<title>Elternberatung f\u00fcr frische Eltern - Schlafberatung, Schlaftraining<\/title>\n<meta name=\"description\" content=\"Nehmen Sie jetzt Kontakt auf \u2013 Schlaftraining bei Kindern, individuelle Elternberatung sowie sanftes Schlafcoaching f\u00fcr Ihr Baby.\" \/>\n<meta name=\"robots\" content=\"index, follow, max-snippet:-1, max-image-preview:large, max-video-preview:-1\" \/>\n<link rel=\"canonical\" href=\"https:\/\/madeleine-haller.de\/en\/kontakt\/\" \/>\n<meta name=\"twitter:card\" content=\"summary_large_image\" \/>\n<meta name=\"twitter:title\" content=\"Elternberatung f\u00fcr frische Eltern - Schlafberatung, Schlaftraining\" \/>\n<meta name=\"twitter:description\" content=\"Nehmen Sie jetzt Kontakt auf \u2013 Schlaftraining bei Kindern, individuelle Elternberatung sowie sanftes Schlafcoaching f\u00fcr Ihr Baby.\" \/>\n<meta name=\"twitter:image\" content=\"https:\/\/madeleine-haller.de\/wp-content\/uploads\/2025\/08\/wolke.png\" \/>\n<script type=\"application\/ld+json\" class=\"yoast-schema-graph\">{\"@context\":\"https:\\\/\\\/schema.org\",\"@graph\":[{\"@type\":\"WebPage\",\"@id\":\"https:\\\/\\\/madeleine-haller.de\\\/kontakt\\\/\",\"url\":\"https:\\\/\\\/madeleine-haller.de\\\/kontakt\\\/\",\"name\":\"Elternberatung f\u00fcr frische Eltern - Schlafberatung, Schlaftraining\",\"isPartOf\":{\"@id\":\"https:\\\/\\\/madeleine-haller.de\\\/en\\\/#website\"},\"primaryImageOfPage\":{\"@id\":\"https:\\\/\\\/madeleine-haller.de\\\/kontakt\\\/#primaryimage\"},\"image\":{\"@id\":\"https:\\\/\\\/madeleine-haller.de\\\/kontakt\\\/#primaryimage\"},\"thumbnailUrl\":\"https:\\\/\\\/madeleine-haller.de\\\/wp-content\\\/uploads\\\/2025\\\/08\\\/wolke.png\",\"datePublished\":\"2025-08-20T16:16:23+00:00\",\"dateModified\":\"2025-10-01T06:59:35+00:00\",\"description\":\"Nehmen Sie jetzt Kontakt auf \u2013 Schlaftraining bei Kindern, individuelle Elternberatung sowie sanftes Schlafcoaching f\u00fcr Ihr Baby.\",\"breadcrumb\":{\"@id\":\"https:\\\/\\\/madeleine-haller.de\\\/kontakt\\\/#breadcrumb\"},\"inLanguage\":\"en-US\",\"potentialAction\":[{\"@type\":\"ReadAction\",\"target\":[\"https:\\\/\\\/madeleine-haller.de\\\/kontakt\\\/\"]}]},{\"@type\":\"ImageObject\",\"inLanguage\":\"en-US\",\"@id\":\"https:\\\/\\\/madeleine-haller.de\\\/kontakt\\\/#primaryimage\",\"url\":\"https:\\\/\\\/madeleine-haller.de\\\/wp-content\\\/uploads\\\/2025\\\/08\\\/wolke.png\",\"contentUrl\":\"https:\\\/\\\/madeleine-haller.de\\\/wp-content\\\/uploads\\\/2025\\\/08\\\/wolke.png\"},{\"@type\":\"BreadcrumbList\",\"@id\":\"https:\\\/\\\/madeleine-haller.de\\\/kontakt\\\/#breadcrumb\",\"itemListElement\":[{\"@type\":\"ListItem\",\"position\":1,\"name\":\"Startseite\",\"item\":\"https:\\\/\\\/madeleine-haller.de\\\/\"},{\"@type\":\"ListItem\",\"position\":2,\"name\":\"Kontakt\"}]},{\"@type\":\"WebSite\",\"@id\":\"https:\\\/\\\/madeleine-haller.de\\\/en\\\/#website\",\"url\":\"https:\\\/\\\/madeleine-haller.de\\\/en\\\/\",\"name\":\"Madeleine Haller\",\"description\":\"\",\"publisher\":{\"@id\":\"https:\\\/\\\/madeleine-haller.de\\\/en\\\/#organization\"},\"potentialAction\":[{\"@type\":\"SearchAction\",\"target\":{\"@type\":\"EntryPoint\",\"urlTemplate\":\"https:\\\/\\\/madeleine-haller.de\\\/en\\\/?s={search_term_string}\"},\"query-input\":{\"@type\":\"PropertyValueSpecification\",\"valueRequired\":true,\"valueName\":\"search_term_string\"}}],\"inLanguage\":\"en-US\"},{\"@type\":\"Organization\",\"@id\":\"https:\\\/\\\/madeleine-haller.de\\\/en\\\/#organization\",\"name\":\"Madeleine Haller\",\"url\":\"https:\\\/\\\/madeleine-haller.de\\\/en\\\/\",\"logo\":{\"@type\":\"ImageObject\",\"inLanguage\":\"en-US\",\"@id\":\"https:\\\/\\\/madeleine-haller.de\\\/en\\\/#\\\/schema\\\/logo\\\/image\\\/\",\"url\":\"https:\\\/\\\/madeleine-haller.de\\\/wp-content\\\/uploads\\\/2025\\\/06\\\/Madeleine_Haller_Logo_farbig.svg\",\"contentUrl\":\"https:\\\/\\\/madeleine-haller.de\\\/wp-content\\\/uploads\\\/2025\\\/06\\\/Madeleine_Haller_Logo_farbig.svg\",\"width\":386,\"height\":144,\"caption\":\"Madeleine Haller\"},\"image\":{\"@id\":\"https:\\\/\\\/madeleine-haller.de\\\/en\\\/#\\\/schema\\\/logo\\\/image\\\/\"}}]}<\/script>\n<!-- \/ Yoast SEO plugin. -->","yoast_head_json":{"title":"Elternberatung f\u00fcr frische Eltern - Schlafberatung, Schlaftraining","description":"Nehmen Sie jetzt Kontakt auf \u2013 Schlaftraining bei Kindern, individuelle Elternberatung sowie sanftes Schlafcoaching f\u00fcr Ihr Baby.","robots":{"index":"index","follow":"follow","max-snippet":"max-snippet:-1","max-image-preview":"max-image-preview:large","max-video-preview":"max-video-preview:-1"},"canonical":"https:\/\/madeleine-haller.de\/en\/kontakt\/","twitter_card":"summary_large_image","twitter_title":"Elternberatung f\u00fcr frische Eltern - Schlafberatung, Schlaftraining","twitter_description":"Nehmen Sie jetzt Kontakt auf \u2013 Schlaftraining bei Kindern, individuelle Elternberatung sowie sanftes Schlafcoaching f\u00fcr Ihr Baby.","twitter_image":"https:\/\/madeleine-haller.de\/wp-content\/uploads\/2025\/08\/wolke.png","schema":{"@context":"https:\/\/schema.org","@graph":[{"@type":"WebPage","@id":"https:\/\/madeleine-haller.de\/kontakt\/","url":"https:\/\/madeleine-haller.de\/kontakt\/","name":"Elternberatung f\u00fcr frische Eltern - Schlafberatung, Schlaftraining","isPartOf":{"@id":"https:\/\/madeleine-haller.de\/en\/#website"},"primaryImageOfPage":{"@id":"https:\/\/madeleine-haller.de\/kontakt\/#primaryimage"},"image":{"@id":"https:\/\/madeleine-haller.de\/kontakt\/#primaryimage"},"thumbnailUrl":"https:\/\/madeleine-haller.de\/wp-content\/uploads\/2025\/08\/wolke.png","datePublished":"2025-08-20T16:16:23+00:00","dateModified":"2025-10-01T06:59:35+00:00","description":"Nehmen Sie jetzt Kontakt auf \u2013 Schlaftraining bei Kindern, individuelle Elternberatung sowie sanftes Schlafcoaching f\u00fcr Ihr Baby.","breadcrumb":{"@id":"https:\/\/madeleine-haller.de\/kontakt\/#breadcrumb"},"inLanguage":"en-US","potentialAction":[{"@type":"ReadAction","target":["https:\/\/madeleine-haller.de\/kontakt\/"]}]},{"@type":"ImageObject","inLanguage":"en-US","@id":"https:\/\/madeleine-haller.de\/kontakt\/#primaryimage","url":"https:\/\/madeleine-haller.de\/wp-content\/uploads\/2025\/08\/wolke.png","contentUrl":"https:\/\/madeleine-haller.de\/wp-content\/uploads\/2025\/08\/wolke.png"},{"@type":"BreadcrumbList","@id":"https:\/\/madeleine-haller.de\/kontakt\/#breadcrumb","itemListElement":[{"@type":"ListItem","position":1,"name":"Startseite","item":"https:\/\/madeleine-haller.de\/"},{"@type":"ListItem","position":2,"name":"Kontakt"}]},{"@type":"WebSite","@id":"https:\/\/madeleine-haller.de\/en\/#website","url":"https:\/\/madeleine-haller.de\/en\/","name":"Madeleine Haller","description":"","publisher":{"@id":"https:\/\/madeleine-haller.de\/en\/#organization"},"potentialAction":[{"@type":"SearchAction","target":{"@type":"EntryPoint","urlTemplate":"https:\/\/madeleine-haller.de\/en\/?s={search_term_string}"},"query-input":{"@type":"PropertyValueSpecification","valueRequired":true,"valueName":"search_term_string"}}],"inLanguage":"en-US"},{"@type":"Organization","@id":"https:\/\/madeleine-haller.de\/en\/#organization","name":"Madeleine Haller","url":"https:\/\/madeleine-haller.de\/en\/","logo":{"@type":"ImageObject","inLanguage":"en-US","@id":"https:\/\/madeleine-haller.de\/en\/#\/schema\/logo\/image\/","url":"https:\/\/madeleine-haller.de\/wp-content\/uploads\/2025\/06\/Madeleine_Haller_Logo_farbig.svg","contentUrl":"https:\/\/madeleine-haller.de\/wp-content\/uploads\/2025\/06\/Madeleine_Haller_Logo_farbig.svg","width":386,"height":144,"caption":"Madeleine Haller"},"image":{"@id":"https:\/\/madeleine-haller.de\/en\/#\/schema\/logo\/image\/"}}]}},"_links":{"self":[{"href":"https:\/\/madeleine-haller.de\/en\/wp-json\/wp\/v2\/pages\/279","targetHints":{"allow":["GET"]}}],"collection":[{"href":"https:\/\/madeleine-haller.de\/en\/wp-json\/wp\/v2\/pages"}],"about":[{"href":"https:\/\/madeleine-haller.de\/en\/wp-json\/wp\/v2\/types\/page"}],"author":[{"embeddable":true,"href":"https:\/\/madeleine-haller.de\/en\/wp-json\/wp\/v2\/users\/1"}],"replies":[{"embeddable":true,"href":"https:\/\/madeleine-haller.de\/en\/wp-json\/wp\/v2\/comments?post=279"}],"version-history":[{"count":73,"href":"https:\/\/madeleine-haller.de\/en\/wp-json\/wp\/v2\/pages\/279\/revisions"}],"predecessor-version":[{"id":1386,"href":"https:\/\/madeleine-haller.de\/en\/wp-json\/wp\/v2\/pages\/279\/revisions\/1386"}],"wp:attachment":[{"href":"https:\/\/madeleine-haller.de\/en\/wp-json\/wp\/v2\/media?parent=279"}],"curies":[{"name":"wp","href":"https:\/\/api.w.org\/{rel}","templated":true}]}}